{"id":23293,"date":"2024-07-29T15:56:12","date_gmt":"2024-07-29T08:56:12","guid":{"rendered":"https:\/\/metaart.vn\/?page_id=23293"},"modified":"2024-07-31T15:07:52","modified_gmt":"2024-07-31T08:07:52","slug":"ve-chung-toi","status":"publish","type":"page","link":"https:\/\/metaart.vn\/en\/ve-chung-toi\/","title":{"rendered":"About Us"},"content":{"rendered":"\t\t<div data-elementor-type=\"wp-page\" data-elementor-id=\"23293\" class=\"elementor elementor-23293\">\n\t\t\t\t\t\t<section class=\"elementor-section elementor-top-section elementor-element elementor-element-21ccd70 elementor-section-boxed elementor-section-height-default elementor-section-height-default\" data-id=\"21ccd70\" data-element_type=\"section\" data-settings=\"{&quot;wdt_bg_image&quot;:{&quot;url&quot;:&quot;&quot;,&quot;id&quot;:&quot;&quot;,&quot;size&quot;:&quot;&quot;},&quot;wdt_bg_image_laptop&quot;:{&quot;url&quot;:&quot;&quot;,&quot;id&quot;:&quot;&quot;,&quot;size&quot;:&quot;&quot;},&quot;wdt_bg_image_tablet_extra&quot;:{&quot;url&quot;:&quot;&quot;,&quot;id&quot;:&quot;&quot;,&quot;size&quot;:&quot;&quot;},&quot;wdt_bg_image_tablet&quot;:{&quot;url&quot;:&quot;&quot;,&quot;id&quot;:&quot;&quot;,&quot;size&quot;:&quot;&quot;},&quot;wdt_bg_image_mobile_extra&quot;:{&quot;url&quot;:&quot;&quot;,&quot;id&quot;:&quot;&quot;,&quot;size&quot;:&quot;&quot;},&quot;wdt_bg_image_mobile&quot;:{&quot;url&quot;:&quot;&quot;,&quot;id&quot;:&quot;&quot;,&quot;size&quot;:&quot;&quot;},&quot;wdt_bg_position&quot;:&quot;center center&quot;,&quot;wdt_animation_effect&quot;:&quot;none&quot;}\">\n\t\t\t\t\t\t<div class=\"elementor-container elementor-column-gap-default\">\n\t\t\t\t\t<div class=\"elementor-column elementor-col-100 elementor-top-column elementor-element elementor-element-d3d08e9\" data-id=\"d3d08e9\" data-element_type=\"column\">\n\t\t\t<div class=\"elementor-widget-wrap elementor-element-populated\">\n\t\t\t\t\t\t<div class=\"elementor-element elementor-element-30c02c8 elementor-widget elementor-widget-heading\" data-id=\"30c02c8\" data-element_type=\"widget\" data-settings=\"{&quot;wdt_animation_effect&quot;:&quot;none&quot;}\" data-widget_type=\"heading.default\">\n\t\t\t\t<div class=\"elementor-widget-container\">\n\t\t\t<style>\/*! elementor - v3.23.0 - 23-07-2024 *\/\n.elementor-heading-title{padding:0;margin:0;line-height:1}.elementor-widget-heading .elementor-heading-title[class*=elementor-size-]>a{color:inherit;font-size:inherit;line-height:inherit}.elementor-widget-heading .elementor-heading-title.elementor-size-small{font-size:15px}.elementor-widget-heading .elementor-heading-title.elementor-size-medium{font-size:19px}.elementor-widget-heading .elementor-heading-title.elementor-size-large{font-size:29px}.elementor-widget-heading .elementor-heading-title.elementor-size-xl{font-size:39px}.elementor-widget-heading .elementor-heading-title.elementor-size-xxl{font-size:59px}<\/style><h2 class=\"elementor-heading-title elementor-size-default\">V\u1ec1 Ch\u00fang T\u00f4i<\/h2>\t\t<\/div>\n\t\t\t\t<\/div>\n\t\t\t\t\t<\/div>\n\t\t<\/div>\n\t\t\t\t\t<\/div>\n\t\t<\/section>\n\t\t\t\t<section class=\"elementor-section elementor-top-section elementor-element elementor-element-a9834f1 elementor-section-boxed elementor-section-height-default elementor-section-height-default\" data-id=\"a9834f1\" data-element_type=\"section\" data-settings=\"{&quot;wdt_bg_image&quot;:{&quot;url&quot;:&quot;&quot;,&quot;id&quot;:&quot;&quot;,&quot;size&quot;:&quot;&quot;},&quot;wdt_bg_image_laptop&quot;:{&quot;url&quot;:&quot;&quot;,&quot;id&quot;:&quot;&quot;,&quot;size&quot;:&quot;&quot;},&quot;wdt_bg_image_tablet_extra&quot;:{&quot;url&quot;:&quot;&quot;,&quot;id&quot;:&quot;&quot;,&quot;size&quot;:&quot;&quot;},&quot;wdt_bg_image_tablet&quot;:{&quot;url&quot;:&quot;&quot;,&quot;id&quot;:&quot;&quot;,&quot;size&quot;:&quot;&quot;},&quot;wdt_bg_image_mobile_extra&quot;:{&quot;url&quot;:&quot;&quot;,&quot;id&quot;:&quot;&quot;,&quot;size&quot;:&quot;&quot;},&quot;wdt_bg_image_mobile&quot;:{&quot;url&quot;:&quot;&quot;,&quot;id&quot;:&quot;&quot;,&quot;size&quot;:&quot;&quot;},&quot;wdt_bg_position&quot;:&quot;center center&quot;,&quot;wdt_animation_effect&quot;:&quot;none&quot;}\">\n\t\t\t\t\t\t<div class=\"elementor-container elementor-column-gap-default\">\n\t\t\t\t\t<div class=\"elementor-column elementor-col-100 elementor-top-column elementor-element elementor-element-27e74cb\" data-id=\"27e74cb\" data-element_type=\"column\">\n\t\t\t<div class=\"elementor-widget-wrap elementor-element-populated\">\n\t\t\t\t\t\t<div class=\"elementor-element elementor-element-cceff51 elementor-widget elementor-widget-text-editor\" data-id=\"cceff51\" data-element_type=\"widget\" data-settings=\"{&quot;wdt_animation_effect&quot;:&quot;none&quot;}\" data-widget_type=\"text-editor.default\">\n\t\t\t\t<div class=\"elementor-widget-container\">\n\t\t\t<style>\/*! elementor - v3.23.0 - 23-07-2024 *\/\n.elementor-widget-text-editor.elementor-drop-cap-view-stacked .elementor-drop-cap{background-color:#69727d;color:#fff}.elementor-widget-text-editor.elementor-drop-cap-view-framed .elementor-drop-cap{color:#69727d;border:3px solid;background-color:transparent}.elementor-widget-text-editor:not(.elementor-drop-cap-view-default) .elementor-drop-cap{margin-top:8px}.elementor-widget-text-editor:not(.elementor-drop-cap-view-default) .elementor-drop-cap-letter{width:1em;height:1em}.elementor-widget-text-editor .elementor-drop-cap{float:left;text-align:center;line-height:1;font-size:50px}.elementor-widget-text-editor .elementor-drop-cap-letter{display:inline-block}<\/style>\t\t\t\t<div><p>Meta Art ra \u0111\u1eddi v\u00e0o n\u0103m 2019, l\u00e0 c\u00f4ng ty cung c\u1ea5p n\u1ec1n t\u1ea3ng v\u00e0 d\u1ecbch v\u1ee5 cho kh\u00e1ch h\u00e0ng x\u00e2y d\u1ef1ng phi\u00ean b\u1ea3n k\u1ef9 thu\u1eadt s\u1ed1, t\u1ea1o ra tr\u1ea3i nghi\u1ec7m kh\u00e1c bi\u1ec7t v\u00e0 th\u1ef1c s\u1ef1 tham gia v\u00e0o Metaverse. Kh\u00f4ng c\u1ea7n m\u00e3 h\u00f3a, kh\u00e1ch h\u00e0ng c\u00f3 th\u1ec3 t\u1ea1o ra tr\u1ea3i nghi\u1ec7m phong ph\u00fa c\u1ee7a ri\u00eang m\u00ecnh b\u1eb1ng m\u1ed9t gi\u1ea3i ph\u00e1p \u0111\u01a1n gi\u1ea3n, d\u1ec5 s\u1eed d\u1ee5ng. V\u1edbi \u0111\u1ed9i ng\u0169 nh\u00e2n s\u1ef1 gi\u00e0u kinh nghi\u1ec7m, chuy\u00ean nghi\u1ec7p v\u00e0 nhi\u1ec7t t\u00ecnh, c\u00f9ng b\u1ed9 trang thi\u1ebft b\u1ecb hi\u1ec7n \u0111\u1ea1i, ch\u00fang t\u00f4i kh\u00f4ng ng\u1eebng n\u1ed7 l\u1ef1c h\u1ed7 tr\u1ee3 c\u00e1c doanh nghi\u1ec7p th\u00edch \u1ee9ng v\u00e0 ph\u00e1t tri\u1ec3n v\u01b0\u1ee3t b\u1eadc trong th\u1eddi \u0111\u1ea1i k\u1ef9 thu\u1eadt s\u1ed1.<\/p><\/div>\t\t\t\t\t\t<\/div>\n\t\t\t\t<\/div>\n\t\t\t\t<div class=\"elementor-element elementor-element-40c4a88 elementor-widget elementor-widget-spacer\" data-id=\"40c4a88\" data-element_type=\"widget\" data-settings=\"{&quot;wdt_animation_effect&quot;:&quot;none&quot;}\" data-widget_type=\"spacer.default\">\n\t\t\t\t<div class=\"elementor-widget-container\">\n\t\t\t<style>\/*! elementor - v3.23.0 - 23-07-2024 *\/\n.elementor-column .elementor-spacer-inner{height:var(--spacer-size)}.e-con{--container-widget-width:100%}.e-con-inner>.elementor-widget-spacer,.e-con>.elementor-widget-spacer{width:var(--container-widget-width,var(--spacer-size));--align-self:var(--container-widget-align-self,initial);--flex-shrink:0}.e-con-inner>.elementor-widget-spacer>.elementor-widget-container,.e-con>.elementor-widget-spacer>.elementor-widget-container{height:100%;width:100%}.e-con-inner>.elementor-widget-spacer>.elementor-widget-container>.elementor-spacer,.e-con>.elementor-widget-spacer>.elementor-widget-container>.elementor-spacer{height:100%}.e-con-inner>.elementor-widget-spacer>.elementor-widget-container>.elementor-spacer>.elementor-spacer-inner,.e-con>.elementor-widget-spacer>.elementor-widget-container>.elementor-spacer>.elementor-spacer-inner{height:var(--container-widget-height,var(--spacer-size))}.e-con-inner>.elementor-widget-spacer.elementor-widget-empty,.e-con>.elementor-widget-spacer.elementor-widget-empty{position:relative;min-height:22px;min-width:22px}.e-con-inner>.elementor-widget-spacer.elementor-widget-empty .elementor-widget-empty-icon,.e-con>.elementor-widget-spacer.elementor-widget-empty .elementor-widget-empty-icon{position:absolute;top:0;bottom:0;left:0;right:0;margin:auto;padding:0;width:22px;height:22px}<\/style>\t\t<div class=\"elementor-spacer\">\n\t\t\t<div class=\"elementor-spacer-inner\"><\/div>\n\t\t<\/div>\n\t\t\t\t<\/div>\n\t\t\t\t<\/div>\n\t\t\t\t<div class=\"elementor-element elementor-element-2af2219 elementor-widget elementor-widget-image\" data-id=\"2af2219\" data-element_type=\"widget\" data-settings=\"{&quot;wdt_animation_effect&quot;:&quot;none&quot;}\" data-widget_type=\"image.default\">\n\t\t\t\t<div class=\"elementor-widget-container\">\n\t\t\t<style>\/*! elementor - v3.23.0 - 23-07-2024 *\/\n.elementor-widget-image{text-align:center}.elementor-widget-image a{display:inline-block}.elementor-widget-image a img[src$=\".svg\"]{width:48px}.elementor-widget-image img{vertical-align:middle;display:inline-block}<\/style>\t\t\t\t\t\t\t\t\t\t<img fetchpriority=\"high\" decoding=\"async\" width=\"2048\" height=\"1367\" src=\"https:\/\/metaart.vn\/wp-content\/uploads\/2024\/07\/dungphim-home.jpg\" class=\"attachment-2048x2048 size-2048x2048 wp-image-23766\" alt=\"\" srcset=\"https:\/\/metaart.vn\/wp-content\/uploads\/2024\/07\/dungphim-home.jpg 2048w, https:\/\/metaart.vn\/wp-content\/uploads\/2024\/07\/dungphim-home-300x200.jpg 300w, https:\/\/metaart.vn\/wp-content\/uploads\/2024\/07\/dungphim-home-1024x684.jpg 1024w, https:\/\/metaart.vn\/wp-content\/uploads\/2024\/07\/dungphim-home-768x513.jpg 768w, https:\/\/metaart.vn\/wp-content\/uploads\/2024\/07\/dungphim-home-1536x1025.jpg 1536w, https:\/\/metaart.vn\/wp-content\/uploads\/2024\/07\/dungphim-home-1000x667.jpg 1000w\" sizes=\"(max-width: 2048px) 100vw, 2048px\" \/>\t\t\t\t\t\t\t\t\t\t\t\t\t<\/div>\n\t\t\t\t<\/div>\n\t\t\t\t\t<\/div>\n\t\t<\/div>\n\t\t\t\t\t<\/div>\n\t\t<\/section>\n\t\t\t\t<section class=\"elementor-section elementor-top-section elementor-element elementor-element-ba34eb2 elementor-section-boxed elementor-section-height-default elementor-section-height-default\" data-id=\"ba34eb2\" data-element_type=\"section\" data-settings=\"{&quot;wdt_bg_image&quot;:{&quot;url&quot;:&quot;&quot;,&quot;id&quot;:&quot;&quot;,&quot;size&quot;:&quot;&quot;},&quot;wdt_bg_image_laptop&quot;:{&quot;url&quot;:&quot;&quot;,&quot;id&quot;:&quot;&quot;,&quot;size&quot;:&quot;&quot;},&quot;wdt_bg_image_tablet_extra&quot;:{&quot;url&quot;:&quot;&quot;,&quot;id&quot;:&quot;&quot;,&quot;size&quot;:&quot;&quot;},&quot;wdt_bg_image_tablet&quot;:{&quot;url&quot;:&quot;&quot;,&quot;id&quot;:&quot;&quot;,&quot;size&quot;:&quot;&quot;},&quot;wdt_bg_image_mobile_extra&quot;:{&quot;url&quot;:&quot;&quot;,&quot;id&quot;:&quot;&quot;,&quot;size&quot;:&quot;&quot;},&quot;wdt_bg_image_mobile&quot;:{&quot;url&quot;:&quot;&quot;,&quot;id&quot;:&quot;&quot;,&quot;size&quot;:&quot;&quot;},&quot;wdt_bg_position&quot;:&quot;center center&quot;,&quot;wdt_animation_effect&quot;:&quot;none&quot;}\">\n\t\t\t\t\t\t<div class=\"elementor-container elementor-column-gap-default\">\n\t\t\t\t\t<div class=\"elementor-column elementor-col-33 elementor-top-column elementor-element elementor-element-69be419\" data-id=\"69be419\" data-element_type=\"column\">\n\t\t\t<div class=\"elementor-widget-wrap\">\n\t\t\t\t\t\t\t<\/div>\n\t\t<\/div>\n\t\t\t\t<div class=\"elementor-column elementor-col-33 elementor-top-column elementor-element elementor-element-ecc0e46\" data-id=\"ecc0e46\" data-element_type=\"column\">\n\t\t\t<div class=\"elementor-widget-wrap elementor-element-populated\">\n\t\t\t\t\t\t<div class=\"elementor-element elementor-element-25f6936 elementor-widget elementor-widget-spacer\" data-id=\"25f6936\" data-element_type=\"widget\" data-settings=\"{&quot;wdt_animation_effect&quot;:&quot;none&quot;}\" data-widget_type=\"spacer.default\">\n\t\t\t\t<div class=\"elementor-widget-container\">\n\t\t\t\t\t<div class=\"elementor-spacer\">\n\t\t\t<div class=\"elementor-spacer-inner\"><\/div>\n\t\t<\/div>\n\t\t\t\t<\/div>\n\t\t\t\t<\/div>\n\t\t\t\t<div class=\"elementor-element elementor-element-46586e4 elementor-view-default elementor-widget elementor-widget-icon\" data-id=\"46586e4\" data-element_type=\"widget\" data-settings=\"{&quot;wdt_animation_effect&quot;:&quot;none&quot;}\" data-widget_type=\"icon.default\">\n\t\t\t\t<div class=\"elementor-widget-container\">\n\t\t\t\t\t<div class=\"elementor-icon-wrapper\">\n\t\t\t<div class=\"elementor-icon\">\n\t\t\t<i aria-hidden=\"true\" class=\"far fa-flag\"><\/i>\t\t\t<\/div>\n\t\t<\/div>\n\t\t\t\t<\/div>\n\t\t\t\t<\/div>\n\t\t\t\t<div class=\"elementor-element elementor-element-cee2aef elementor-widget elementor-widget-heading\" data-id=\"cee2aef\" data-element_type=\"widget\" data-settings=\"{&quot;wdt_animation_effect&quot;:&quot;none&quot;}\" data-widget_type=\"heading.default\">\n\t\t\t\t<div class=\"elementor-widget-container\">\n\t\t\t<h4 class=\"elementor-heading-title elementor-size-default\">S\u1ee9 M\u1ec7nh<\/h4>\t\t<\/div>\n\t\t\t\t<\/div>\n\t\t\t\t\t<\/div>\n\t\t<\/div>\n\t\t\t\t<div class=\"elementor-column elementor-col-33 elementor-top-column elementor-element elementor-element-505da20\" data-id=\"505da20\" data-element_type=\"column\">\n\t\t\t<div class=\"elementor-widget-wrap\">\n\t\t\t\t\t\t\t<\/div>\n\t\t<\/div>\n\t\t\t\t\t<\/div>\n\t\t<\/section>\n\t\t\t\t<section class=\"elementor-section elementor-top-section elementor-element elementor-element-6a7c559 elementor-section-boxed elementor-section-height-default elementor-section-height-default\" data-id=\"6a7c559\" data-element_type=\"section\" data-settings=\"{&quot;wdt_bg_image&quot;:{&quot;url&quot;:&quot;&quot;,&quot;id&quot;:&quot;&quot;,&quot;size&quot;:&quot;&quot;},&quot;wdt_bg_image_laptop&quot;:{&quot;url&quot;:&quot;&quot;,&quot;id&quot;:&quot;&quot;,&quot;size&quot;:&quot;&quot;},&quot;wdt_bg_image_tablet_extra&quot;:{&quot;url&quot;:&quot;&quot;,&quot;id&quot;:&quot;&quot;,&quot;size&quot;:&quot;&quot;},&quot;wdt_bg_image_tablet&quot;:{&quot;url&quot;:&quot;&quot;,&quot;id&quot;:&quot;&quot;,&quot;size&quot;:&quot;&quot;},&quot;wdt_bg_image_mobile_extra&quot;:{&quot;url&quot;:&quot;&quot;,&quot;id&quot;:&quot;&quot;,&quot;size&quot;:&quot;&quot;},&quot;wdt_bg_image_mobile&quot;:{&quot;url&quot;:&quot;&quot;,&quot;id&quot;:&quot;&quot;,&quot;size&quot;:&quot;&quot;},&quot;wdt_bg_position&quot;:&quot;center center&quot;,&quot;wdt_animation_effect&quot;:&quot;none&quot;}\">\n\t\t\t\t\t\t<div class=\"elementor-container elementor-column-gap-default\">\n\t\t\t\t\t<div class=\"elementor-column elementor-col-33 elementor-top-column elementor-element elementor-element-081d37c\" data-id=\"081d37c\" data-element_type=\"column\">\n\t\t\t<div class=\"elementor-widget-wrap elementor-element-populated\">\n\t\t\t\t\t\t<div class=\"elementor-element elementor-element-2a99008 elementor-view-default elementor-widget elementor-widget-icon\" data-id=\"2a99008\" data-element_type=\"widget\" data-settings=\"{&quot;wdt_animation_effect&quot;:&quot;none&quot;}\" data-widget_type=\"icon.default\">\n\t\t\t\t<div class=\"elementor-widget-container\">\n\t\t\t\t\t<div class=\"elementor-icon-wrapper\">\n\t\t\t<div class=\"elementor-icon\">\n\t\t\t<i aria-hidden=\"true\" class=\"far fa-eye\"><\/i>\t\t\t<\/div>\n\t\t<\/div>\n\t\t\t\t<\/div>\n\t\t\t\t<\/div>\n\t\t\t\t<div class=\"elementor-element elementor-element-5f524c8 elementor-widget elementor-widget-heading\" data-id=\"5f524c8\" data-element_type=\"widget\" data-settings=\"{&quot;wdt_animation_effect&quot;:&quot;none&quot;}\" data-widget_type=\"heading.default\">\n\t\t\t\t<div class=\"elementor-widget-container\">\n\t\t\t<h4 class=\"elementor-heading-title elementor-size-default\">T\u1ea7m Nh\u00ecn<\/h4>\t\t<\/div>\n\t\t\t\t<\/div>\n\t\t\t\t<div class=\"elementor-element elementor-element-c525c71 elementor-widget elementor-widget-text-editor\" data-id=\"c525c71\" data-element_type=\"widget\" data-settings=\"{&quot;wdt_animation_effect&quot;:&quot;none&quot;}\" data-widget_type=\"text-editor.default\">\n\t\t\t\t<div class=\"elementor-widget-container\">\n\t\t\t\t\t\t\t<div><p>Tr\u1edf th\u00e0nh c\u00f4ng ty d\u1eabn \u0111\u1ea7u trong \u1ee9ng d\u1ee5ng c\u00f4ng ngh\u1ec7 th\u1ef1c t\u1ebf \u1ea3o \u0111\u1ec3 t\u0103ng t\u00ednh tr\u1ea3i nghi\u1ec7m nh\u1eb1m gi\u00fap kh\u00e1ch h\u00e0ng t\u0103ng doanh thu v\u00e0 t\u0103ng \u0111\u1ed9 nh\u1eadn bi\u1ebft th\u01b0\u01a1ng hi\u1ec7u b\u1eb1ng c\u00e1ch tuy\u1ec3n ch\u1ecdn nh\u1eefng con ng\u01b0\u1eddi Vi\u1ec7t Nam t\u00e0i n\u0103ng s\u00e1ng t\u1ea1o trong m\u1ed9t m\u00f4i tr\u01b0\u1eddng l\u00e0m vi\u1ec7c h\u1ea1nh ph\u00fac, y\u00eau th\u01b0\u01a1ng v\u00e0 c\u00f3 cu\u1ed9c s\u1ed1ng \u0111\u1ea7y \u0111\u1ee7 v\u1ec1 v\u1eadt ch\u1ea5t v\u00e0 tinh th\u1ea7n.<\/p><\/div>\t\t\t\t\t\t<\/div>\n\t\t\t\t<\/div>\n\t\t\t\t\t<\/div>\n\t\t<\/div>\n\t\t\t\t<div class=\"elementor-column elementor-col-33 elementor-top-column elementor-element elementor-element-3e4b4f0\" data-id=\"3e4b4f0\" data-element_type=\"column\">\n\t\t\t<div class=\"elementor-widget-wrap elementor-element-populated\">\n\t\t\t\t\t\t<div class=\"elementor-element elementor-element-cf0bdb1 elementor-widget elementor-widget-text-editor\" data-id=\"cf0bdb1\" data-element_type=\"widget\" data-settings=\"{&quot;wdt_animation_effect&quot;:&quot;none&quot;}\" data-widget_type=\"text-editor.default\">\n\t\t\t\t<div class=\"elementor-widget-container\">\n\t\t\t\t\t\t\t<div><p>\u1ee8ng d\u1ee5ng c\u00f4ng ngh\u1ec7 chuy\u1ec3n \u0111\u1ed5i to\u00e0n b\u1ed9 d\u1eef li\u1ec7u t\u1eeb th\u1ebf gi\u1edbi th\u1ef1c sang th\u1ebf gi\u1edbi \u1ea3o v\u00e0 t\u1eeb th\u1ebf gi\u1edbi \u1ea3o \u0111i\u1ec1u khi\u1ec3n ng\u01b0\u1ee3c l\u1ea1i th\u1ebf gi\u1edbi th\u1ef1c.<\/p><\/div>\t\t\t\t\t\t<\/div>\n\t\t\t\t<\/div>\n\t\t\t\t\t<\/div>\n\t\t<\/div>\n\t\t\t\t<div class=\"elementor-column elementor-col-33 elementor-top-column elementor-element elementor-element-2030007\" data-id=\"2030007\" data-element_type=\"column\">\n\t\t\t<div class=\"elementor-widget-wrap elementor-element-populated\">\n\t\t\t\t\t\t<div class=\"elementor-element elementor-element-7198b36 elementor-view-default elementor-widget elementor-widget-icon\" data-id=\"7198b36\" data-element_type=\"widget\" data-settings=\"{&quot;wdt_animation_effect&quot;:&quot;none&quot;}\" data-widget_type=\"icon.default\">\n\t\t\t\t<div class=\"elementor-widget-container\">\n\t\t\t\t\t<div class=\"elementor-icon-wrapper\">\n\t\t\t<div class=\"elementor-icon\">\n\t\t\t<i aria-hidden=\"true\" class=\"far fa-check-circle\"><\/i>\t\t\t<\/div>\n\t\t<\/div>\n\t\t\t\t<\/div>\n\t\t\t\t<\/div>\n\t\t\t\t<div class=\"elementor-element elementor-element-c4ccb93 elementor-widget elementor-widget-heading\" data-id=\"c4ccb93\" data-element_type=\"widget\" data-settings=\"{&quot;wdt_animation_effect&quot;:&quot;none&quot;}\" data-widget_type=\"heading.default\">\n\t\t\t\t<div class=\"elementor-widget-container\">\n\t\t\t<h4 class=\"elementor-heading-title elementor-size-default\">Gi\u00e1 Tr\u1ecb C\u1ed1t L\u00f5i<\/h4>\t\t<\/div>\n\t\t\t\t<\/div>\n\t\t\t\t<div class=\"elementor-element elementor-element-bc3ec18 elementor-widget elementor-widget-text-editor\" data-id=\"bc3ec18\" data-element_type=\"widget\" data-settings=\"{&quot;wdt_animation_effect&quot;:&quot;none&quot;}\" data-widget_type=\"text-editor.default\">\n\t\t\t\t<div class=\"elementor-widget-container\">\n\t\t\t\t\t\t\t<div><p><strong>T\u00f4n tr\u1ecdng <\/strong><\/p><p>Meta lu\u00f4n \u0111\u1eb7c bi\u00eat t\u00f4n tr\u1ecdng qu\u00fd \u0111\u1ed1i t\u00e1c v\u00e0 t\u00f4n tr\u1ecdng ch\u00ednh m\u00ecnh. T\u00f4n tr\u1ecdng khi trao \u0111\u1ed5i, l\u00e0m vi\u1ec7c v\u00e0 h\u1ee3p t\u00e1c<\/p><p><strong>S\u00e1ng t\u1ea1o <\/strong><\/p><p>\u0110\u1ed1i v\u1edbi ch\u00fang t\u00f4i, c\u00e1c gi\u00e1 tr\u1ecb t\u1ea1o raph\u1ea3i mang y\u1ebfu t\u1ed1 s\u00e1ng t\u1ea1o, \u0111\u1ed5i m\u1edbi \u0111\u1ec3 b\u1eaft k\u1ecbp v\u1edbi s\u1ef1 thay \u0111\u1ed5i kh\u00f4ng ng\u1eebng c\u1ee7a th\u1ecb tr\u01b0\u1eddng<\/p><\/div>\t\t\t\t\t\t<\/div>\n\t\t\t\t<\/div>\n\t\t\t\t\t<\/div>\n\t\t<\/div>\n\t\t\t\t\t<\/div>\n\t\t<\/section>\n\t\t\t\t<\/div>\n\t\t","protected":false},"excerpt":{"rendered":"<p>V\u1ec1 Ch\u00fang T\u00f4i Meta Art ra \u0111\u1eddi v\u00e0o n\u0103m 2019, l\u00e0 c\u00f4ng ty cung c\u1ea5p n\u1ec1n t\u1ea3ng v\u00e0 d\u1ecbch v\u1ee5 cho kh\u00e1ch h\u00e0ng x\u00e2y d\u1ef1ng phi\u00ean b\u1ea3n k\u1ef9 thu\u1eadt s\u1ed1, t\u1ea1o ra tr\u1ea3i nghi\u1ec7m kh\u00e1c bi\u1ec7t v\u00e0 th\u1ef1c s\u1ef1 tham gia v\u00e0o Metaverse. Kh\u00f4ng c\u1ea7n m\u00e3 h\u00f3a, kh\u00e1ch h\u00e0ng c\u00f3 th\u1ec3 t\u1ea1o ra tr\u1ea3i nghi\u1ec7m [&hellip;]<\/p>\n","protected":false},"author":1,"featured_media":0,"parent":0,"menu_order":0,"comment_status":"closed","ping_status":"closed","template":"","meta":{"footnotes":""},"class_list":["post-23293","page","type-page","status-publish","hentry"],"_links":{"self":[{"href":"https:\/\/metaart.vn\/en\/wp-json\/wp\/v2\/pages\/23293","targetHints":{"allow":["GET"]}}],"collection":[{"href":"https:\/\/metaart.vn\/en\/wp-json\/wp\/v2\/pages"}],"about":[{"href":"https:\/\/metaart.vn\/en\/wp-json\/wp\/v2\/types\/page"}],"author":[{"embeddable":true,"href":"https:\/\/metaart.vn\/en\/wp-json\/wp\/v2\/users\/1"}],"replies":[{"embeddable":true,"href":"https:\/\/metaart.vn\/en\/wp-json\/wp\/v2\/comments?post=23293"}],"version-history":[{"count":20,"href":"https:\/\/metaart.vn\/en\/wp-json\/wp\/v2\/pages\/23293\/revisions"}],"predecessor-version":[{"id":23800,"href":"https:\/\/metaart.vn\/en\/wp-json\/wp\/v2\/pages\/23293\/revisions\/23800"}],"wp:attachment":[{"href":"https:\/\/metaart.vn\/en\/wp-json\/wp\/v2\/media?parent=23293"}],"curies":[{"name":"wp","href":"https:\/\/api.w.org\/{rel}","templated":true}]}}